{"id":57,"date":"2025-08-20T20:27:04","date_gmt":"2025-08-20T18:27:04","guid":{"rendered":"https:\/\/fabianlefevre-btcxp.wordpress.com\/?page_id=57"},"modified":"2025-08-20T20:27:04","modified_gmt":"2025-08-20T18:27:04","slug":"a-propos","status":"publish","type":"page","link":"https:\/\/lesracinesducorps.be\/index.php\/a-propos\/","title":{"rendered":"\u00c0 propos"},"content":{"rendered":"\n<p>Je m\u2019appelle\u00a0<strong>Fabian<\/strong>, j\u2019ai 49 ans et je vis en Belgique.<br><br>Passionn\u00e9 par le d\u00e9veloppement personnel et la spiritualit\u00e9, j\u2019aime explorer les chemins du corps et de l\u2019esprit.<br>Ce blog est mon espace pour mettre en mots mes exp\u00e9riences, mes \u00e9preuves et mes d\u00e9couvertes, avec simplicit\u00e9 et sinc\u00e9rit\u00e9.<\/p>\n\n\n\n<p><\/p>\n","protected":false},"excerpt":{"rendered":"<p>Je m\u2019appelle\u00a0Fabian, j\u2019ai 49 ans et je vis en Belgique. Passionn\u00e9 par le d\u00e9veloppement personnel et la spiritualit\u00e9, j\u2019aime explorer les chemins du corps et de l\u2019esprit.Ce blog est mon espace pour mettre en mots mes exp\u00e9riences, mes \u00e9preuves et mes d\u00e9couvertes, avec simplicit\u00e9 et sinc\u00e9rit\u00e9.<\/p>\n","protected":false},"author":1,"featured_media":0,"parent":0,"menu_order":0,"comment_status":"closed","ping_status":"closed","template":"","meta":{"jetpack_post_was_ever_published":false,"footnotes":""},"class_list":["post-57","page","type-page","status-publish","hentry"],"jetpack_sharing_enabled":true,"_links":{"self":[{"href":"https:\/\/lesracinesducorps.be\/index.php\/wp-json\/wp\/v2\/pages\/57","targetHints":{"allow":["GET"]}}],"collection":[{"href":"https:\/\/lesracinesducorps.be\/index.php\/wp-json\/wp\/v2\/pages"}],"about":[{"href":"https:\/\/lesracinesducorps.be\/index.php\/wp-json\/wp\/v2\/types\/page"}],"author":[{"embeddable":true,"href":"https:\/\/lesracinesducorps.be\/index.php\/wp-json\/wp\/v2\/users\/1"}],"replies":[{"embeddable":true,"href":"https:\/\/lesracinesducorps.be\/index.php\/wp-json\/wp\/v2\/comments?post=57"}],"version-history":[{"count":0,"href":"https:\/\/lesracinesducorps.be\/index.php\/wp-json\/wp\/v2\/pages\/57\/revisions"}],"wp:attachment":[{"href":"https:\/\/lesracinesducorps.be\/index.php\/wp-json\/wp\/v2\/media?parent=57"}],"curies":[{"name":"wp","href":"https:\/\/api.w.org\/{rel}","templated":true}]}}